{"id":18,"date":"2024-04-12T13:55:16","date_gmt":"2024-04-12T13:55:16","guid":{"rendered":"https:\/\/2061736.cpsw-fcsei.com\/apeavenue\/?page_id=18"},"modified":"2024-05-20T23:42:03","modified_gmt":"2024-05-21T03:42:03","slug":"homepage","status":"publish","type":"page","link":"https:\/\/2061736.cpsw-fcsei.com\/apeavenue\/","title":{"rendered":"HomePage"},"content":{"rendered":"\n<p><\/p>\n\n\n\n<div class=\"wp-block-group alignfull has-custom-color-2-background-color has-background has-global-padding is-layout-constrained wp-container-core-group-is-layout-545e5038 wp-block-group-is-layout-constrained\" id=\"acc\" style=\"margin-top:0;margin-bottom:0;padding-top:var(--wp--preset--spacing--30);padding-right:0;padding-bottom:var(--wp--preset--spacing--30);padding-left:0\">\n<div class=\"wp-block-group alignfull has-global-padding is-layout-constrained wp-container-core-group-is-layout-b673cb31 wp-block-group-is-layout-constrained\" style=\"margin-top:0;margin-bottom:0;padding-top:var(--wp--preset--spacing--30);padding-right:var(--wp--preset--spacing--50);padding-bottom:var(--wp--preset--spacing--30);padding-left:var(--wp--preset--spacing--50)\">\n<div class=\"wp-block-columns alignwide are-vertically-aligned-center is-layout-flex wp-container-core-columns-is-layout-47c06fe3 wp-block-columns-is-layout-flex\">\n<div class=\"wp-block-column is-vertically-aligned-center is-layout-flow wp-block-column-is-layout-flow\" style=\"flex-basis:50%\">\n<p class=\"has-merriweather-font-family\" style=\"font-size:clamp(1.502rem, 1.502rem + ((1vw - 0.2rem) * 1.663), 2.5rem);font-style:normal;font-weight:500\">Lorem ipsum dolor sit amet, consectetur adipiscing.<\/p>\n\n\n\n<ul style=\"line-height:1.75\" class=\"is-style-checkmark-list wp-block-list\">\n<li class=\"has-roboto-font-family\">singe<\/li>\n\n\n\n<li class=\"has-roboto-font-family\">singe<\/li>\n\n\n\n<li class=\"has-roboto-font-family\">singe<\/li>\n<\/ul>\n\n\n\n<div class=\"wp-block-buttons is-layout-flex wp-block-buttons-is-layout-flex\">\n<div class=\"wp-block-button tp2hover\"><a class=\"wp-block-button__link wp-element-button\" href=\"https:\/\/2061736.cpsw-fcsei.com\/apeavenue\/homepage\/services\/\">Services<\/a><\/div>\n\n\n\n<div class=\"wp-block-button tp2hover\"><a class=\"wp-block-button__link wp-element-button\" href=\"#infolettre\">Infolettre<\/a><\/div>\n<\/div>\n<\/div>\n\n\n\n<div class=\"wp-block-column is-vertically-aligned-center is-layout-flow wp-block-column-is-layout-flow\" style=\"flex-basis:50%\">\n<figure class=\"wp-block-image size-full is-style-rounded tp2image is-style-rounded--1\"><img loading=\"lazy\" decoding=\"async\" width=\"3888\" height=\"4860\" src=\"https:\/\/2061736.cpsw-fcsei.com\/apeavenue\/wp-content\/uploads\/2024\/04\/chris-curry-mKaR_KpTh6o-unsplash-1.jpg\" alt=\"\" class=\"wp-image-57\"\/><\/figure>\n<\/div>\n<\/div>\n<\/div>\n<\/div>\n\n\n\n<div class=\"wp-block-group alignfull has-contrast-color has-base-2-background-color has-text-color has-background has-link-color wp-elements-11fad5118b26d4481f1f03e7f20fe886 is-layout-flow wp-container-core-group-is-layout-db3cbdd4 wp-block-group-is-layout-flow\" id=\"eval\" style=\"border-style:none;border-width:0px;border-radius:0px;min-height:0px;margin-top:0;margin-bottom:0;padding-right:0;padding-left:0;font-size:clamp(0.875rem, 0.875rem + ((1vw - 0.2rem) * 0.708), 1.3rem);font-style:normal;font-weight:500;letter-spacing:0.5px;line-height:2.2\">\n<p class=\"has-text-align-center has-merriweather-font-family\" style=\"margin-left:0px;font-size:clamp(2.2rem, 2.2rem + ((1vw - 0.2rem) * 3), 4rem);font-style:normal;font-weight:400\">Nos reviews<\/p>\n\n\n<ul style=\"padding-top:var(--wp--preset--spacing--40);padding-bottom:var(--wp--preset--spacing--40);padding-left:var(--wp--preset--spacing--40);padding-right:var(--wp--preset--spacing--40);margin-right:var(--wp--preset--spacing--60);margin-left:267px;margin-top:0;margin-bottom:0;\" class=\"wp-block-latest-posts__list is-grid columns-3 wp-block-latest-posts has-roboto-font-family\"><li><div class=\"wp-block-latest-posts__featured-image\"><img loading=\"lazy\" decoding=\"async\" width=\"150\" height=\"105\" src=\"https:\/\/2061736.cpsw-fcsei.com\/apeavenue\/wp-content\/uploads\/2024\/04\/bananejaune.jpg\" class=\"attachment-thumbnail size-thumbnail wp-post-image\" alt=\"\" style=\"\" \/><\/div><a class=\"wp-block-latest-posts__post-title\" href=\"https:\/\/2061736.cpsw-fcsei.com\/apeavenue\/2024\/04\/12\/post-1\/\">banane cavendish<\/a><div class=\"wp-block-latest-posts__post-full-content\"><!-- wp:paragraph -->\n<p>Lorem ipsum dolor sit amet, consectetur adipiscing elit. Suspendisse porta eleifend odio nec cursus. Maecenas hendrerit.<\/p>\n<!-- \/wp:paragraph -->\n\n<!-- wp:post-featured-image \/--><\/div><\/li>\n<li><div class=\"wp-block-latest-posts__featured-image\"><img loading=\"lazy\" decoding=\"async\" width=\"150\" height=\"84\" src=\"https:\/\/2061736.cpsw-fcsei.com\/apeavenue\/wp-content\/uploads\/2024\/04\/bananerouge.jpg\" class=\"attachment-thumbnail size-thumbnail wp-post-image\" alt=\"\" style=\"\" \/><\/div><a class=\"wp-block-latest-posts__post-title\" href=\"https:\/\/2061736.cpsw-fcsei.com\/apeavenue\/2024\/04\/12\/post-2\/\">Banane rouge<\/a><div class=\"wp-block-latest-posts__post-full-content\"><!-- wp:paragraph -->\n<p>Lorem ipsum dolor sit amet, consectetur adipiscing elit. Suspendisse porta eleifend odio nec cursus. Maecenas hendrerit.<\/p>\n<!-- \/wp:paragraph --><\/div><\/li>\n<li><div class=\"wp-block-latest-posts__featured-image\"><img loading=\"lazy\" decoding=\"async\" width=\"150\" height=\"112\" src=\"https:\/\/2061736.cpsw-fcsei.com\/apeavenue\/wp-content\/uploads\/2024\/04\/banana-plantain.jpg\" class=\"attachment-thumbnail size-thumbnail wp-post-image\" alt=\"\" style=\"\" \/><\/div><a class=\"wp-block-latest-posts__post-title\" href=\"https:\/\/2061736.cpsw-fcsei.com\/apeavenue\/2024\/04\/12\/post-3\/\">Banane plantain<\/a><div class=\"wp-block-latest-posts__post-full-content\"><!-- wp:paragraph -->\n<p>Lorem ipsum dolor sit amet, consectetur adipiscing elit. Suspendisse porta eleifend odio nec cursus. Maecenas hendrerit.<\/p>\n<!-- \/wp:paragraph -->\n\n<!-- wp:post-featured-image \/--><\/div><\/li>\n<\/ul><\/div>\n\n\n\n<div class=\"wp-block-group alignfull has-custom-color-5-background-color has-background is-vertical is-content-justification-center is-layout-flex wp-container-core-group-is-layout-dd9c7217 wp-block-group-is-layout-flex\" id=\"infolettre\" style=\"min-height:60vh;margin-top:0;margin-bottom:0;padding-top:0;padding-right:var(--wp--preset--spacing--20);padding-bottom:0;padding-left:var(--wp--preset--spacing--20)\">\n<div class=\"wp-block-group has-global-padding is-layout-constrained wp-block-group-is-layout-constrained\" style=\"min-height:200px\">\n<figure class=\"wp-block-image aligncenter size-full is-resized tp2rotate\"><img decoding=\"async\" src=\"https:\/\/2061736.cpsw-fcsei.com\/apeavenue\/wp-content\/themes\/twentytwentyfour\/assets\/images\/icon-message.webp\" alt=\"\" style=\"object-fit:cover;width:45px;height:49px\"\/><\/figure>\n\n\n\n<div style=\"height:var(--wp--preset--spacing--10)\" aria-hidden=\"true\" class=\"wp-block-spacer\"><\/div>\n\n\n\n<p class=\"has-text-align-center\" style=\"font-size:clamp(1.403rem, 1.403rem + ((1vw - 0.2rem) * 1.495), 2.3rem);font-style:normal;font-weight:600\">Lorem ipsum dolor sit amet, consectetur adipiscing.<\/p>\n\n\n\n<div style=\"height:var(--wp--preset--spacing--10)\" aria-hidden=\"true\" class=\"wp-block-spacer\"><\/div>\n\n\n\n<div class=\"wp-block-buttons is-content-justification-center is-layout-flex wp-container-core-buttons-is-layout-a89b3969 wp-block-buttons-is-layout-flex\">\n<div class=\"wp-block-button tp2hover\"><a class=\"wp-block-button__link wp-element-button\">Sign up<\/a><\/div>\n<\/div>\n<\/div>\n<\/div>\n\n\n\n<div class=\"wp-block-query alignwide is-layout-flow wp-block-query-is-layout-flow\">\n<div class=\"wp-block-group is-layout-flow wp-block-group-is-layout-flow\" style=\"margin-top:0;margin-bottom:0;padding-top:var(--wp--preset--spacing--30);padding-right:0;padding-bottom:var(--wp--preset--spacing--30);padding-left:0\">\n<h2 class=\"wp-block-heading has-text-align-center has-merriweather-font-family has-x-large-font-size\" style=\"margin-top:0;margin-bottom:var(--wp--preset--spacing--40);font-style:normal;font-weight:500\">Nos singes<\/h2>\n\n\n<ul class=\"columns-3 alignfull wp-block-post-template is-layout-grid wp-container-core-post-template-is-layout-2d080239 wp-block-post-template-is-layout-grid\"><li class=\"wp-block-post post-441 singe type-singe status-publish has-post-thumbnail hentry\">\n<figure style=\"aspect-ratio:3\/4; padding-bottom:var(--wp--preset--spacing--20);margin-bottom:0;\" class=\"wp-block-post-featured-image\"><a href=\"https:\/\/2061736.cpsw-fcsei.com\/apeavenue\/singe\/mia\/\" target=\"_self\"  ><img loading=\"lazy\" decoding=\"async\" width=\"275\" height=\"183\" src=\"https:\/\/2061736.cpsw-fcsei.com\/apeavenue\/wp-content\/uploads\/2024\/05\/download-5.jpg\" class=\"attachment-post-thumbnail size-post-thumbnail wp-post-image\" alt=\"Mia\" style=\"width:100%;height:100%;object-fit:cover;\" \/><\/a><\/figure>\n\n\n<div class=\"wp-block-group is-vertical is-nowrap is-layout-flex wp-container-core-group-is-layout-97ba36a5 wp-block-group-is-layout-flex\" style=\"margin-top:var(--wp--preset--spacing--20);padding-top:0\"><h2 class=\"wp-block-post-title has-large-font-size wp-container-content-32e3a40d\"><a href=\"https:\/\/2061736.cpsw-fcsei.com\/apeavenue\/singe\/mia\/\" target=\"_self\" >Mia<\/a><\/h2>\n\n<div class=\"wp-block-template-part\">\n\n<div class=\"wp-block-group has-global-padding is-layout-constrained wp-block-group-is-layout-constrained\">\n\t\n\t<div class=\"wp-block-group is-content-justification-left is-layout-flex wp-container-core-group-is-layout-dfe8e91f wp-block-group-is-layout-flex\">\n\t\t<div class=\"wp-block-post-date\"><time datetime=\"2024-05-20T23:33:10-04:00\"><a href=\"https:\/\/2061736.cpsw-fcsei.com\/apeavenue\/singe\/mia\/\">May 20, 2024<\/a><\/time><\/div>\n\n\t\t\n\t\t<p class=\"has-contrast-2-color has-text-color\">\u2014<\/p>\n\t\t\n\n\t\t\n\t\t<p class=\"has-small-font-size has-contrast-2-color has-text-color\">by<\/p>\n\t\t\n\n\t\t\n\n\t\t\n\n\t<\/div>\n\t\n<\/div>\n\n\n<\/div>\n\n<div class=\"wp-block-post-excerpt has-text-color has-contrast-2-color has-small-font-size wp-container-content-32e3a40d\"><p class=\"wp-block-post-excerpt__excerpt\">Age: Race: Les gibbons \u00e0 mains blanches ont une fourrure noire ou fauve avec des mains et des pieds blancs. Ils sont connus pour leurs chants m\u00e9lodieux et leur mode de locomotion par brachiation.Message ajout\u00e9! <\/p><\/div>\n\n\n<div style=\"height:0px\" aria-hidden=\"true\" class=\"wp-block-spacer wp-container-content-32e3a40d\"><\/div>\n<\/div>\n\n<\/li><li class=\"wp-block-post post-440 singe type-singe status-publish has-post-thumbnail hentry\">\n<figure style=\"aspect-ratio:3\/4; padding-bottom:var(--wp--preset--spacing--20);margin-bottom:0;\" class=\"wp-block-post-featured-image\"><a href=\"https:\/\/2061736.cpsw-fcsei.com\/apeavenue\/singe\/tito\/\" target=\"_self\"  ><img loading=\"lazy\" decoding=\"async\" width=\"198\" height=\"254\" src=\"https:\/\/2061736.cpsw-fcsei.com\/apeavenue\/wp-content\/uploads\/2024\/05\/download-4.jpg\" class=\"attachment-post-thumbnail size-post-thumbnail wp-post-image\" alt=\"Tito\" style=\"width:100%;height:100%;object-fit:cover;\" \/><\/a><\/figure>\n\n\n<div class=\"wp-block-group is-vertical is-nowrap is-layout-flex wp-container-core-group-is-layout-97ba36a5 wp-block-group-is-layout-flex\" style=\"margin-top:var(--wp--preset--spacing--20);padding-top:0\"><h2 class=\"wp-block-post-title has-large-font-size wp-container-content-32e3a40d\"><a href=\"https:\/\/2061736.cpsw-fcsei.com\/apeavenue\/singe\/tito\/\" target=\"_self\" >Tito<\/a><\/h2>\n\n<div class=\"wp-block-template-part\">\n\n<div class=\"wp-block-group has-global-padding is-layout-constrained wp-block-group-is-layout-constrained\">\n\t\n\t<div class=\"wp-block-group is-content-justification-left is-layout-flex wp-container-core-group-is-layout-dfe8e91f wp-block-group-is-layout-flex\">\n\t\t<div class=\"wp-block-post-date\"><time datetime=\"2024-05-20T23:32:24-04:00\"><a href=\"https:\/\/2061736.cpsw-fcsei.com\/apeavenue\/singe\/tito\/\">May 20, 2024<\/a><\/time><\/div>\n\n\t\t\n\t\t<p class=\"has-contrast-2-color has-text-color\">\u2014<\/p>\n\t\t\n\n\t\t\n\t\t<p class=\"has-small-font-size has-contrast-2-color has-text-color\">by<\/p>\n\t\t\n\n\t\t\n\n\t\t\n\n\t<\/div>\n\t\n<\/div>\n\n\n<\/div>\n\n<div class=\"wp-block-post-excerpt has-text-color has-contrast-2-color has-small-font-size wp-container-content-32e3a40d\"><p class=\"wp-block-post-excerpt__excerpt\">Age: Race: Les macaques japonais, aussi appel\u00e9s singes des neiges, ont une fourrure dense et une face rouge. Ils sont connus pour se baigner dans les sources chaudes en hiver.Message ajout\u00e9! <\/p><\/div>\n\n\n<div style=\"height:0px\" aria-hidden=\"true\" class=\"wp-block-spacer wp-container-content-32e3a40d\"><\/div>\n<\/div>\n\n<\/li><li class=\"wp-block-post post-438 singe type-singe status-publish has-post-thumbnail hentry\">\n<figure style=\"aspect-ratio:3\/4; padding-bottom:var(--wp--preset--spacing--20);margin-bottom:0;\" class=\"wp-block-post-featured-image\"><a href=\"https:\/\/2061736.cpsw-fcsei.com\/apeavenue\/singe\/zazu\/\" target=\"_self\"  ><img loading=\"lazy\" decoding=\"async\" width=\"254\" height=\"198\" src=\"https:\/\/2061736.cpsw-fcsei.com\/apeavenue\/wp-content\/uploads\/2024\/05\/images-2.jpg\" class=\"attachment-post-thumbnail size-post-thumbnail wp-post-image\" alt=\"Zazu\" style=\"width:100%;height:100%;object-fit:cover;\" \/><\/a><\/figure>\n\n\n<div class=\"wp-block-group is-vertical is-nowrap is-layout-flex wp-container-core-group-is-layout-97ba36a5 wp-block-group-is-layout-flex\" style=\"margin-top:var(--wp--preset--spacing--20);padding-top:0\"><h2 class=\"wp-block-post-title has-large-font-size wp-container-content-32e3a40d\"><a href=\"https:\/\/2061736.cpsw-fcsei.com\/apeavenue\/singe\/zazu\/\" target=\"_self\" >Zazu<\/a><\/h2>\n\n<div class=\"wp-block-template-part\">\n\n<div class=\"wp-block-group has-global-padding is-layout-constrained wp-block-group-is-layout-constrained\">\n\t\n\t<div class=\"wp-block-group is-content-justification-left is-layout-flex wp-container-core-group-is-layout-dfe8e91f wp-block-group-is-layout-flex\">\n\t\t<div class=\"wp-block-post-date\"><time datetime=\"2024-05-20T23:31:35-04:00\"><a href=\"https:\/\/2061736.cpsw-fcsei.com\/apeavenue\/singe\/zazu\/\">May 20, 2024<\/a><\/time><\/div>\n\n\t\t\n\t\t<p class=\"has-contrast-2-color has-text-color\">\u2014<\/p>\n\t\t\n\n\t\t\n\t\t<p class=\"has-small-font-size has-contrast-2-color has-text-color\">by<\/p>\n\t\t\n\n\t\t\n\n\t\t\n\n\t<\/div>\n\t\n<\/div>\n\n\n<\/div>\n\n<div class=\"wp-block-post-excerpt has-text-color has-contrast-2-color has-small-font-size wp-container-content-32e3a40d\"><p class=\"wp-block-post-excerpt__excerpt\">Age: Race: Les singes araign\u00e9es sont connus pour leurs longs membres et leur queue pr\u00e9hensile. Leur pelage est g\u00e9n\u00e9ralement noir, brun ou roux. Ils sont tr\u00e8s agiles et vivent principalement dans les arbres.Message ajout\u00e9! <\/p><\/div>\n\n\n<div style=\"height:0px\" aria-hidden=\"true\" class=\"wp-block-spacer wp-container-content-32e3a40d\"><\/div>\n<\/div>\n\n<\/li><li class=\"wp-block-post post-436 singe type-singe status-publish has-post-thumbnail hentry\">\n<figure style=\"aspect-ratio:3\/4; padding-bottom:var(--wp--preset--spacing--20);margin-bottom:0;\" class=\"wp-block-post-featured-image\"><a href=\"https:\/\/2061736.cpsw-fcsei.com\/apeavenue\/singe\/lola\/\" target=\"_self\"  ><img loading=\"lazy\" decoding=\"async\" width=\"196\" height=\"257\" src=\"https:\/\/2061736.cpsw-fcsei.com\/apeavenue\/wp-content\/uploads\/2024\/05\/download-3.jpg\" class=\"attachment-post-thumbnail size-post-thumbnail wp-post-image\" alt=\"Lola\" style=\"width:100%;height:100%;object-fit:cover;\" \/><\/a><\/figure>\n\n\n<div class=\"wp-block-group is-vertical is-nowrap is-layout-flex wp-container-core-group-is-layout-97ba36a5 wp-block-group-is-layout-flex\" style=\"margin-top:var(--wp--preset--spacing--20);padding-top:0\"><h2 class=\"wp-block-post-title has-large-font-size wp-container-content-32e3a40d\"><a href=\"https:\/\/2061736.cpsw-fcsei.com\/apeavenue\/singe\/lola\/\" target=\"_self\" >Lola<\/a><\/h2>\n\n<div class=\"wp-block-template-part\">\n\n<div class=\"wp-block-group has-global-padding is-layout-constrained wp-block-group-is-layout-constrained\">\n\t\n\t<div class=\"wp-block-group is-content-justification-left is-layout-flex wp-container-core-group-is-layout-dfe8e91f wp-block-group-is-layout-flex\">\n\t\t<div class=\"wp-block-post-date\"><time datetime=\"2024-05-20T23:30:53-04:00\"><a href=\"https:\/\/2061736.cpsw-fcsei.com\/apeavenue\/singe\/lola\/\">May 20, 2024<\/a><\/time><\/div>\n\n\t\t\n\t\t<p class=\"has-contrast-2-color has-text-color\">\u2014<\/p>\n\t\t\n\n\t\t\n\t\t<p class=\"has-small-font-size has-contrast-2-color has-text-color\">by<\/p>\n\t\t\n\n\t\t\n\n\t\t\n\n\t<\/div>\n\t\n<\/div>\n\n\n<\/div>\n\n<div class=\"wp-block-post-excerpt has-text-color has-contrast-2-color has-small-font-size wp-container-content-32e3a40d\"><p class=\"wp-block-post-excerpt__excerpt\">Age: Race: Les mandrills sont c\u00e9l\u00e8bres pour leurs visages color\u00e9s avec des teintes bleues et rouges vives. Leur pelage est principalement olive fonc\u00e9, et ils ont une cr\u00eate distinctive.Message ajout\u00e9! <\/p><\/div>\n\n\n<div style=\"height:0px\" aria-hidden=\"true\" class=\"wp-block-spacer wp-container-content-32e3a40d\"><\/div>\n<\/div>\n\n<\/li><li class=\"wp-block-post post-434 singe type-singe status-publish has-post-thumbnail hentry\">\n<figure style=\"aspect-ratio:3\/4; padding-bottom:var(--wp--preset--spacing--20);margin-bottom:0;\" class=\"wp-block-post-featured-image\"><a href=\"https:\/\/2061736.cpsw-fcsei.com\/apeavenue\/singe\/bongo\/\" target=\"_self\"  ><img loading=\"lazy\" decoding=\"async\" width=\"300\" height=\"168\" src=\"https:\/\/2061736.cpsw-fcsei.com\/apeavenue\/wp-content\/uploads\/2024\/05\/download-2.jpg\" class=\"attachment-post-thumbnail size-post-thumbnail wp-post-image\" alt=\"Bongo\" style=\"width:100%;height:100%;object-fit:cover;\" \/><\/a><\/figure>\n\n\n<div class=\"wp-block-group is-vertical is-nowrap is-layout-flex wp-container-core-group-is-layout-97ba36a5 wp-block-group-is-layout-flex\" style=\"margin-top:var(--wp--preset--spacing--20);padding-top:0\"><h2 class=\"wp-block-post-title has-large-font-size wp-container-content-32e3a40d\"><a href=\"https:\/\/2061736.cpsw-fcsei.com\/apeavenue\/singe\/bongo\/\" target=\"_self\" >Bongo<\/a><\/h2>\n\n<div class=\"wp-block-template-part\">\n\n<div class=\"wp-block-group has-global-padding is-layout-constrained wp-block-group-is-layout-constrained\">\n\t\n\t<div class=\"wp-block-group is-content-justification-left is-layout-flex wp-container-core-group-is-layout-dfe8e91f wp-block-group-is-layout-flex\">\n\t\t<div class=\"wp-block-post-date\"><time datetime=\"2024-05-20T23:30:00-04:00\"><a href=\"https:\/\/2061736.cpsw-fcsei.com\/apeavenue\/singe\/bongo\/\">May 20, 2024<\/a><\/time><\/div>\n\n\t\t\n\t\t<p class=\"has-contrast-2-color has-text-color\">\u2014<\/p>\n\t\t\n\n\t\t\n\t\t<p class=\"has-small-font-size has-contrast-2-color has-text-color\">by<\/p>\n\t\t\n\n\t\t\n\n\t\t\n\n\t<\/div>\n\t\n<\/div>\n\n\n<\/div>\n\n<div class=\"wp-block-post-excerpt has-text-color has-contrast-2-color has-small-font-size wp-container-content-32e3a40d\"><p class=\"wp-block-post-excerpt__excerpt\">Age: Race: Les babouins hamadryas ont une crini\u00e8re \u00e9paisse autour de leur t\u00eate et des couleurs de pelage qui varient du gris au brun. Ils sont connus pour leurs comportements sociaux complexes.Message ajout\u00e9! <\/p><\/div>\n\n\n<div style=\"height:0px\" aria-hidden=\"true\" class=\"wp-block-spacer wp-container-content-32e3a40d\"><\/div>\n<\/div>\n\n<\/li><li class=\"wp-block-post post-432 singe type-singe status-publish has-post-thumbnail hentry\">\n<figure style=\"aspect-ratio:3\/4; padding-bottom:var(--wp--preset--spacing--20);margin-bottom:0;\" class=\"wp-block-post-featured-image\"><a href=\"https:\/\/2061736.cpsw-fcsei.com\/apeavenue\/singe\/koko\/\" target=\"_self\"  ><img loading=\"lazy\" decoding=\"async\" width=\"225\" height=\"225\" src=\"https:\/\/2061736.cpsw-fcsei.com\/apeavenue\/wp-content\/uploads\/2024\/05\/download-1.jpg\" class=\"attachment-post-thumbnail size-post-thumbnail wp-post-image\" alt=\"Koko\" style=\"width:100%;height:100%;object-fit:cover;\" srcset=\"https:\/\/2061736.cpsw-fcsei.com\/apeavenue\/wp-content\/uploads\/2024\/05\/download-1.jpg 225w, https:\/\/2061736.cpsw-fcsei.com\/apeavenue\/wp-content\/uploads\/2024\/05\/download-1-150x150.jpg 150w\" sizes=\"auto, (max-width: 225px) 100vw, 225px\" \/><\/a><\/figure>\n\n\n<div class=\"wp-block-group is-vertical is-nowrap is-layout-flex wp-container-core-group-is-layout-97ba36a5 wp-block-group-is-layout-flex\" style=\"margin-top:var(--wp--preset--spacing--20);padding-top:0\"><h2 class=\"wp-block-post-title has-large-font-size wp-container-content-32e3a40d\"><a href=\"https:\/\/2061736.cpsw-fcsei.com\/apeavenue\/singe\/koko\/\" target=\"_self\" >Koko<\/a><\/h2>\n\n<div class=\"wp-block-template-part\">\n\n<div class=\"wp-block-group has-global-padding is-layout-constrained wp-block-group-is-layout-constrained\">\n\t\n\t<div class=\"wp-block-group is-content-justification-left is-layout-flex wp-container-core-group-is-layout-dfe8e91f wp-block-group-is-layout-flex\">\n\t\t<div class=\"wp-block-post-date\"><time datetime=\"2024-05-20T23:28:06-04:00\"><a href=\"https:\/\/2061736.cpsw-fcsei.com\/apeavenue\/singe\/koko\/\">May 20, 2024<\/a><\/time><\/div>\n\n\t\t\n\t\t<p class=\"has-contrast-2-color has-text-color\">\u2014<\/p>\n\t\t\n\n\t\t\n\t\t<p class=\"has-small-font-size has-contrast-2-color has-text-color\">by<\/p>\n\t\t\n\n\t\t\n\n\t\t\n\n\t<\/div>\n\t\n<\/div>\n\n\n<\/div>\n\n<div class=\"wp-block-post-excerpt has-text-color has-contrast-2-color has-small-font-size wp-container-content-32e3a40d\"><p class=\"wp-block-post-excerpt__excerpt\">Age: Race: Les singes capucins ont une petite taille, une fourrure blanche sur le visage et les \u00e9paules, et un corps brun. Ils sont souvent associ\u00e9s \u00e0 des grimaces expressives et \u00e0 une grande agilit\u00e9.Message ajout\u00e9! <\/p><\/div>\n\n\n<div style=\"height:0px\" aria-hidden=\"true\" class=\"wp-block-spacer wp-container-content-32e3a40d\"><\/div>\n<\/div>\n\n<\/li><\/ul>\n\n\n<div style=\"margin-top:0;margin-bottom:0;height:var(--wp--preset--spacing--40)\" aria-hidden=\"true\" class=\"wp-block-spacer\"><\/div>\n\n\n<\/div>\n<\/div>\nMessage ajout\u00e9!","protected":false},"excerpt":{"rendered":"<p>Lorem ipsum dolor sit amet, consectetur adipiscing. Nos reviews Lorem ipsum dolor sit amet, consectetur adipiscing. Message ajout\u00e9!<\/p>\n","protected":false},"author":1,"featured_media":0,"parent":0,"menu_order":0,"comment_status":"closed","ping_status":"closed","template":"page-no-title","meta":{"_acf_changed":false,"footnotes":""},"class_list":["post-18","page","type-page","status-publish","hentry"],"acf":[],"_links":{"self":[{"href":"https:\/\/2061736.cpsw-fcsei.com\/apeavenue\/wp-json\/wp\/v2\/pages\/18","targetHints":{"allow":["GET"]}}],"collection":[{"href":"https:\/\/2061736.cpsw-fcsei.com\/apeavenue\/wp-json\/wp\/v2\/pages"}],"about":[{"href":"https:\/\/2061736.cpsw-fcsei.com\/apeavenue\/wp-json\/wp\/v2\/types\/page"}],"author":[{"embeddable":true,"href":"https:\/\/2061736.cpsw-fcsei.com\/apeavenue\/wp-json\/wp\/v2\/users\/1"}],"replies":[{"embeddable":true,"href":"https:\/\/2061736.cpsw-fcsei.com\/apeavenue\/wp-json\/wp\/v2\/comments?post=18"}],"version-history":[{"count":114,"href":"https:\/\/2061736.cpsw-fcsei.com\/apeavenue\/wp-json\/wp\/v2\/pages\/18\/revisions"}],"predecessor-version":[{"id":447,"href":"https:\/\/2061736.cpsw-fcsei.com\/apeavenue\/wp-json\/wp\/v2\/pages\/18\/revisions\/447"}],"wp:attachment":[{"href":"https:\/\/2061736.cpsw-fcsei.com\/apeavenue\/wp-json\/wp\/v2\/media?parent=18"}],"curies":[{"name":"wp","href":"https:\/\/api.w.org\/{rel}","templated":true}]}}